{"id":28,"date":"2020-01-04T12:02:04","date_gmt":"2020-01-04T12:02:04","guid":{"rendered":"http:\/\/christinahesse.de\/?page_id=28"},"modified":"2025-12-30T06:57:11","modified_gmt":"2025-12-30T06:57:11","slug":"fundraising","status":"publish","type":"page","link":"https:\/\/christinahesse.de\/?page_id=28","title":{"rendered":"Fundraising"},"content":{"rendered":"\n<p>Ich bin zertifizierte und leidenschaftliche Fundraiserin, Fundraising-Beraterin und Dozentin mit 20 Jahren Berufserfahrung. <br>Sie wollen Ihre gemeinn\u00fctzige Organisation auf finanziell stabilere Beine stellen? Sie w\u00fcnschen sich, dass Ihr wichtiges Projekt die notwendige Finanzierung bekommt? Sie brauchen professionelle Beratung rund um eine sinnvolle und nachhaltige Fundraising-Strategie? Sie wollen neue Mitglieder, Gro\u00dfspender oder F\u00f6rderstiftungen f\u00fcr Ihre Einrichtung gewinnen und langfristig halten? <br>Dann wenden Sie sich gerne an mich. Meine berufliche Webseite finden Sie unter<\/p>\n\n\n\n<p><a href=\"http:\/\/www.hesse-fundraising.de\">www.hesse-fundraising.de<\/a><\/p>\n\n\n\n<p>Wie man es am besten anstellt, gebe ich gern weiter, z.B. beim Thementag des Haus des Stiftens, https:\/\/www.hausdesstiftens.org\/non-profits\/wissen\/thementage\/: <\/p>\n\n\n\n<figure class=\"wp-block-image size-full\"><img loading=\"lazy\" decoding=\"async\" width=\"633\" height=\"379\" src=\"http:\/\/christinahesse.de\/wp-content\/uploads\/2023\/09\/Bild2.png\" alt=\"\" class=\"wp-image-243\" srcset=\"https:\/\/christinahesse.de\/wp-content\/uploads\/2023\/09\/Bild2.png 633w, https:\/\/christinahesse.de\/wp-content\/uploads\/2023\/09\/Bild2-300x180.png 300w\" sizes=\"auto, (max-width: 633px) 100vw, 633px\" \/><\/figure>\n\n\n\n<p>Oder beim M\u00fcnchner Fundraising-Tag:<\/p>\n\n\n\n<figure class=\"wp-block-image size-large\"><img loading=\"lazy\" decoding=\"async\" width=\"987\" height=\"618\" src=\"http:\/\/christinahesse.de\/wp-content\/uploads\/2020\/02\/Fundraisingtag_Hesse-1.jpg\" alt=\"\" class=\"wp-image-104\" srcset=\"https:\/\/christinahesse.de\/wp-content\/uploads\/2020\/02\/Fundraisingtag_Hesse-1.jpg 987w, https:\/\/christinahesse.de\/wp-content\/uploads\/2020\/02\/Fundraisingtag_Hesse-1-300x188.jpg 300w, https:\/\/christinahesse.de\/wp-content\/uploads\/2020\/02\/Fundraisingtag_Hesse-1-768x481.jpg 768w\" sizes=\"auto, (max-width: 767px) 89vw, (max-width: 1000px) 54vw, (max-width: 1071px) 543px, 580px\" \/><\/figure>\n\n\n\n<p><a href=\"https:\/\/fundraisingtage.de\/fundraisingtag-muenchen.html\">https:\/\/fundraisingtage.de\/fundraisingtag-muenchen.html<\/a><\/p>\n\n\n\n<p><\/p>\n\n\n\n<p>Weitere Institutionen:<\/p>\n\n\n\n<ul class=\"wp-block-list\">\n<li>Foodsharing Akademie<\/li>\n\n\n\n<li>BNE-Ausbildung des \u00d6ko-Instituts<\/li>\n\n\n\n<li>ebam Akademie f\u00fcr Wirtschaft und Management, M\u00fcnchen<\/li>\n\n\n\n<li>iba university, M\u00fcnchen <\/li>\n\n\n\n<li>iba university Heidelberg<\/li>\n\n\n\n<li>Stiftung Internationales Forum, Berlin<\/li>\n\n\n\n<li>Weiterbildungsinstitut Futurecoach, M\u00fcnchen<\/li>\n\n\n\n<li>Evangelisches Bildungswerk Regensburg e.V.<\/li>\n\n\n\n<li>Exedra \u2013 Stiftung f\u00fcr Bildende Kunst, Quito, Ecuador<\/li>\n\n\n\n<li>Kulturnetzwerk &#8222;Red Cultural Alem\u00e1n&#8220;, Quito, Ecuador <\/li>\n<\/ul>\n\n\n\n<p><\/p>\n\n\n\n<p>Ausbildung: <\/p>\n\n\n\n<p>2012: Zertifizierte Regionalreferentin Fundraising, Fundraising Akademie Frankfurt<\/p>\n\n\n\n<p><\/p>\n","protected":false},"excerpt":{"rendered":"<p>Ich bin zertifizierte und leidenschaftliche Fundraiserin, Fundraising-Beraterin und Dozentin mit 20 Jahren Berufserfahrung. Sie wollen Ihre gemeinn\u00fctzige Organisation auf finanziell stabilere Beine stellen? Sie w\u00fcnschen sich, dass Ihr wichtiges Projekt die notwendige Finanzierung bekommt? Sie brauchen professionelle Beratung rund um eine sinnvolle und nachhaltige Fundraising-Strategie? Sie wollen neue Mitglieder, Gro\u00dfspender oder F\u00f6rderstiftungen f\u00fcr Ihre Einrichtung &hellip; <\/p>\n<p class=\"link-more\"><a href=\"https:\/\/christinahesse.de\/?page_id=28\" class=\"more-link\"><span class=\"screen-reader-text\">\u201eFundraising\u201c <\/span>weiterlesen<\/a><\/p>\n","protected":false},"author":1,"featured_media":0,"parent":2,"menu_order":0,"comment_status":"closed","ping_status":"closed","template":"","meta":{"footnotes":""},"class_list":["post-28","page","type-page","status-publish","hentry"],"_links":{"self":[{"href":"https:\/\/christinahesse.de\/index.php?rest_route=\/wp\/v2\/pages\/28","targetHints":{"allow":["GET"]}}],"collection":[{"href":"https:\/\/christinahesse.de\/index.php?rest_route=\/wp\/v2\/pages"}],"about":[{"href":"https:\/\/christinahesse.de\/index.php?rest_route=\/wp\/v2\/types\/page"}],"author":[{"embeddable":true,"href":"https:\/\/christinahesse.de\/index.php?rest_route=\/wp\/v2\/users\/1"}],"replies":[{"embeddable":true,"href":"https:\/\/christinahesse.de\/index.php?rest_route=%2Fwp%2Fv2%2Fcomments&post=28"}],"version-history":[{"count":17,"href":"https:\/\/christinahesse.de\/index.php?rest_route=\/wp\/v2\/pages\/28\/revisions"}],"predecessor-version":[{"id":301,"href":"https:\/\/christinahesse.de\/index.php?rest_route=\/wp\/v2\/pages\/28\/revisions\/301"}],"up":[{"embeddable":true,"href":"https:\/\/christinahesse.de\/index.php?rest_route=\/wp\/v2\/pages\/2"}],"wp:attachment":[{"href":"https:\/\/christinahesse.de\/index.php?rest_route=%2Fwp%2Fv2%2Fmedia&parent=28"}],"curies":[{"name":"wp","href":"https:\/\/api.w.org\/{rel}","templated":true}]}}