{"id":27,"date":"2020-01-04T12:02:04","date_gmt":"2020-01-04T12:02:04","guid":{"rendered":"http:\/\/christinahesse.de\/?page_id=27"},"modified":"2025-12-30T06:55:15","modified_gmt":"2025-12-30T06:55:15","slug":"kulturmanagement","status":"publish","type":"page","link":"https:\/\/christinahesse.de\/?page_id=27","title":{"rendered":"Nachhaltigkeitsmanagement"},"content":{"rendered":"\n<p>Wie k\u00f6nnen wir in Balance auf diesem Planeten leben? <br>Diese Frage treibt mich um, so dass ich Ausbildungen absolviert habe in Holistic Sustainability Training (GAIA Education), Nachhaltigkeitsmanagement (T\u00dcV S\u00fcd), Regenerative Economics (Capital Institut) und mich weitergebildet habe zur Nachhaltigkeitsbeauftragte (IHK) und in Diversitymanagement, Gemeinwohl\u00f6konomie, Umweltschutzrecht. Das Wissen gebe ich freiberuflich als Beraterin weiter an Institutionen, die sich ganzheitlich auf Nachhaltigkeit umstellen wollen.<\/p>\n\n\n\n<p>Davor habe ich viele Jahre als F\u00fchrungskraft Kultureinrichtungen im In- und Ausland geleitet, mit besonderem Fokus auf Umweltschutzprojekten und integrativen und partizipativen Projekten : Lange Nacht der Museen, Ehrenamtsb\u00f6rse, Nachhaltigkeitsmessen, B\u00fcrgerchor-Projekten, inklusiven Mitmach-Kindermusicals &#8230; <\/p>\n\n\n\n<figure class=\"wp-block-image size-large\"><img loading=\"lazy\" decoding=\"async\" width=\"1024\" height=\"560\" src=\"http:\/\/christinahesse.de\/wp-content\/uploads\/2020\/04\/B2_klein-1024x560.jpg\" alt=\"\" class=\"wp-image-167\" srcset=\"https:\/\/christinahesse.de\/wp-content\/uploads\/2020\/04\/B2_klein-1024x560.jpg 1024w, https:\/\/christinahesse.de\/wp-content\/uploads\/2020\/04\/B2_klein-300x164.jpg 300w, https:\/\/christinahesse.de\/wp-content\/uploads\/2020\/04\/B2_klein-768x420.jpg 768w, https:\/\/christinahesse.de\/wp-content\/uploads\/2020\/04\/B2_klein-1536x840.jpg 1536w, https:\/\/christinahesse.de\/wp-content\/uploads\/2020\/04\/B2_klein-2048x1120.jpg 2048w\" sizes=\"auto, (max-width: 767px) 89vw, (max-width: 1000px) 54vw, (max-width: 1071px) 543px, 580px\" \/><\/figure>\n\n\n\n<figure class=\"wp-block-gallery has-nested-images columns-default is-cropped wp-block-gallery-1 is-layout-flex wp-block-gallery-is-layout-flex\">\n<figure class=\"wp-block-image size-large\"><img loading=\"lazy\" decoding=\"async\" width=\"600\" height=\"265\" data-id=\"108\" src=\"http:\/\/christinahesse.de\/wp-content\/uploads\/2020\/02\/Carmina1.jpg\" alt=\"\" class=\"wp-image-108\" srcset=\"https:\/\/christinahesse.de\/wp-content\/uploads\/2020\/02\/Carmina1.jpg 600w, https:\/\/christinahesse.de\/wp-content\/uploads\/2020\/02\/Carmina1-300x133.jpg 300w\" sizes=\"auto, (max-width: 600px) 100vw, 600px\" \/><\/figure>\n\n\n\n<figure class=\"wp-block-image size-large\"><img loading=\"lazy\" decoding=\"async\" width=\"842\" height=\"564\" data-id=\"110\" src=\"http:\/\/christinahesse.de\/wp-content\/uploads\/2020\/02\/Umweltforum.jpg\" alt=\"\" class=\"wp-image-110\" srcset=\"https:\/\/christinahesse.de\/wp-content\/uploads\/2020\/02\/Umweltforum.jpg 842w, https:\/\/christinahesse.de\/wp-content\/uploads\/2020\/02\/Umweltforum-300x201.jpg 300w, https:\/\/christinahesse.de\/wp-content\/uploads\/2020\/02\/Umweltforum-768x514.jpg 768w\" sizes=\"auto, (max-width: 767px) 89vw, (max-width: 1000px) 54vw, (max-width: 1071px) 543px, 580px\" \/><\/figure>\n\n\n\n<figure class=\"wp-block-image size-large\"><img loading=\"lazy\" decoding=\"async\" width=\"416\" height=\"277\" data-id=\"111\" src=\"http:\/\/christinahesse.de\/wp-content\/uploads\/2020\/02\/Mitmachtag.jpg\" alt=\"\" class=\"wp-image-111\" srcset=\"https:\/\/christinahesse.de\/wp-content\/uploads\/2020\/02\/Mitmachtag.jpg 416w, https:\/\/christinahesse.de\/wp-content\/uploads\/2020\/02\/Mitmachtag-300x200.jpg 300w\" sizes=\"auto, (max-width: 416px) 100vw, 416px\" \/><\/figure>\n<\/figure>\n\n\n\n<p>2020-2022: Leitung Finanzen\/Personal\/Betrieb bei BIOTOPIA &#8211; Naturkundemuseum<\/p>\n\n\n\n<p>2012-2020: Gesch\u00e4ftsf\u00fchrerin Kulturzentrum Trudering, M\u00fcnchen<\/p>\n\n\n\n<p>2007-2010: Projektleiterin Internationale Beziehungen, Robert Bosch Stiftung, Stuttgart<\/p>\n\n\n\n<p>2006-2007: Museumsleiterin Kallmann-Museum, Ismaning<\/p>\n\n\n\n<p>2004-2006: Abteilungsleiterin Kultur, Goethe-Zentrum, Quito (Ecuador)<\/p>\n\n\n\n<p>2004: Projektleiterin &#8222;Lange Nacht der Museen&#8220;, Kunstbiennale Cuenca (Ecuador)<\/p>\n\n\n\n<p><\/p>\n\n\n\n<p><\/p>\n\n\n\n<p>Seit 2011: Dozentin und Beraterin f\u00fcr Kulturmanagement u.a. f\u00fcr<\/p>\n\n\n\n<ul class=\"wp-block-list\">\n<li>Kulturreferat der LH M\u00fcnchen<\/li>\n\n\n\n<li>B\u00fcrgersaal F\u00fcrstenried<\/li>\n\n\n\n<li>Kulturhaus Milbertshofen<\/li>\n\n\n\n<li>iba University M\u00fcnchen<\/li>\n\n\n\n<li>ebam Akademie f\u00fcr Wirtschaft und Management, M\u00fcnchen<\/li>\n\n\n\n<li>Institut f\u00fcr Kulturmanagement und Medien, M\u00fcnchen<\/li>\n\n\n\n<li>Universit\u00e4t Freiburg<\/li>\n\n\n\n<li>Stiftung Internationales Forum, Berlin<\/li>\n\n\n\n<li>Weiterbildungsinstitut Future Coach, M\u00fcnchen<\/li>\n<\/ul>\n\n\n\n<p><\/p>\n\n\n\n<p><\/p>\n","protected":false},"excerpt":{"rendered":"<p>Wie k\u00f6nnen wir in Balance auf diesem Planeten leben? Diese Frage treibt mich um, so dass ich Ausbildungen absolviert habe in Holistic Sustainability Training (GAIA Education), Nachhaltigkeitsmanagement (T\u00dcV S\u00fcd), Regenerative Economics (Capital Institut) und mich weitergebildet habe zur Nachhaltigkeitsbeauftragte (IHK) und in Diversitymanagement, Gemeinwohl\u00f6konomie, Umweltschutzrecht. Das Wissen gebe ich freiberuflich als Beraterin weiter an Institutionen, &hellip; <\/p>\n<p class=\"link-more\"><a href=\"https:\/\/christinahesse.de\/?page_id=27\" class=\"more-link\"><span class=\"screen-reader-text\">\u201eNachhaltigkeitsmanagement\u201c <\/span>weiterlesen<\/a><\/p>\n","protected":false},"author":1,"featured_media":0,"parent":2,"menu_order":0,"comment_status":"closed","ping_status":"closed","template":"","meta":{"footnotes":""},"class_list":["post-27","page","type-page","status-publish","hentry"],"_links":{"self":[{"href":"https:\/\/christinahesse.de\/index.php?rest_route=\/wp\/v2\/pages\/27","targetHints":{"allow":["GET"]}}],"collection":[{"href":"https:\/\/christinahesse.de\/index.php?rest_route=\/wp\/v2\/pages"}],"about":[{"href":"https:\/\/christinahesse.de\/index.php?rest_route=\/wp\/v2\/types\/page"}],"author":[{"embeddable":true,"href":"https:\/\/christinahesse.de\/index.php?rest_route=\/wp\/v2\/users\/1"}],"replies":[{"embeddable":true,"href":"https:\/\/christinahesse.de\/index.php?rest_route=%2Fwp%2Fv2%2Fcomments&post=27"}],"version-history":[{"count":19,"href":"https:\/\/christinahesse.de\/index.php?rest_route=\/wp\/v2\/pages\/27\/revisions"}],"predecessor-version":[{"id":299,"href":"https:\/\/christinahesse.de\/index.php?rest_route=\/wp\/v2\/pages\/27\/revisions\/299"}],"up":[{"embeddable":true,"href":"https:\/\/christinahesse.de\/index.php?rest_route=\/wp\/v2\/pages\/2"}],"wp:attachment":[{"href":"https:\/\/christinahesse.de\/index.php?rest_route=%2Fwp%2Fv2%2Fmedia&parent=27"}],"curies":[{"name":"wp","href":"https:\/\/api.w.org\/{rel}","templated":true}]}}